{"id":111,"date":"2019-04-16T02:19:27","date_gmt":"2019-04-16T02:19:27","guid":{"rendered":"https:\/\/marianabrandt.com.br\/tese\/?page_id=111"},"modified":"2020-03-04T13:09:34","modified_gmt":"2020-03-04T16:09:34","slug":"colecoes","status":"publish","type":"page","link":"https:\/\/marianabrandt.com.br\/tese\/","title":{"rendered":"Arquitetura da informa\u00e7\u00e3o para o processo legislativo"},"content":{"rendered":"<blockquote><p>Este <a href=\"https:\/\/marianabrandt.com.br\/tese\/blog\/colecoes\/\">reposit\u00f3rio<\/a> faz parte da <a href=\"https:\/\/repositorio.unesp.br\/handle\/11449\/191740\">pesquisa de doutorado<\/a> em Ci\u00eancia da Informa\u00e7\u00e3o, inserida no Programa de P\u00f3s Gradua\u00e7\u00e3o em Ci\u00eancia da Informa\u00e7\u00e3o (PPGCI) da Universidade Estadual Paulista (Unesp), intitulada &#8220;Modelagem da Informa\u00e7\u00e3o Legislativa: Arquitetura da Informa\u00e7\u00e3o para o processo legislativo brasileiro&#8221;, da discente\u00a0 Mariana Baptista Brandt, orientada pela professora Dra. Silvana Aparecida Borsetti Greg\u00f3rio Vidotti. O reposit\u00f3rio foi feito com a ferramenta gratuita <a href=\"http:\/\/tainacan.org\">Tainacan<\/a>.<\/p>\n<p>&nbsp;<\/p><\/blockquote>\n<p><a href=\"https:\/\/www.marilia.unesp.br\/#!\/posci\"><img loading=\"lazy\" decoding=\"async\" class=\"alignleft wp-image-6178 size-medium\" src=\"https:\/\/marianabrandt.com.br\/tese\/wp-content\/uploads\/2019\/08\/logoppgci-300x163.png\" alt=\"\" width=\"300\" height=\"163\" srcset=\"https:\/\/marianabrandt.com.br\/tese\/wp-content\/uploads\/2019\/08\/logoppgci-300x163.png 300w, https:\/\/marianabrandt.com.br\/tese\/wp-content\/uploads\/2019\/08\/logoppgci-205x111.png 205w, https:\/\/marianabrandt.com.br\/tese\/wp-content\/uploads\/2019\/08\/logoppgci.png 497w\" sizes=\"auto, (max-width: 300px) 100vw, 300px\" \/><\/a><a href=\"http:\/\/dgp.cnpq.br\/dgp\/espelhogrupo\/2360843195780462\"><img loading=\"lazy\" decoding=\"async\" class=\"size-full wp-image-6177 alignleft\" src=\"https:\/\/marianabrandt.com.br\/tese\/wp-content\/uploads\/2019\/08\/gpnti.jpeg\" alt=\"\" width=\"290\" height=\"174\" srcset=\"https:\/\/marianabrandt.com.br\/tese\/wp-content\/uploads\/2019\/08\/gpnti.jpeg 290w, https:\/\/marianabrandt.com.br\/tese\/wp-content\/uploads\/2019\/08\/gpnti-205x123.jpeg 205w\" sizes=\"auto, (max-width: 290px) 100vw, 290px\" \/><\/a><\/p>\n<p><a href=\"https:\/\/www2.unesp.br\/\"><img loading=\"lazy\" decoding=\"async\" class=\"alignleft wp-image-6210 size-medium\" src=\"https:\/\/marianabrandt.com.br\/tese\/wp-content\/uploads\/2019\/08\/unesp-logo-e1565532270631-300x179.png\" alt=\"\" width=\"300\" height=\"179\" srcset=\"https:\/\/marianabrandt.com.br\/tese\/wp-content\/uploads\/2019\/08\/unesp-logo-e1565532270631.png 300w, https:\/\/marianabrandt.com.br\/tese\/wp-content\/uploads\/2019\/08\/unesp-logo-e1565532270631-205x122.png 205w\" sizes=\"auto, (max-width: 300px) 100vw, 300px\" \/><\/a><\/p>\n<h2><\/h2>\n<p>&nbsp;<\/p>\n<p>&nbsp;<\/p>\n<p>&nbsp;<\/p>\n<h2><\/h2>\n<blockquote>\n<h1 style=\"text-align: center;\"><a href=\"https:\/\/marianabrandt.com.br\/tese\/blog\/colecoes\/\">ACESSAR O REPOSIT\u00d3RIO<\/a><\/h1>\n<h1 style=\"text-align: center;\"><a href=\"https:\/\/repositorio.unesp.br\/handle\/11449\/191740\">ACESSAR TESE COMPLETA<\/a><\/h1>\n<\/blockquote>\n<p>&nbsp;<\/p>\n<p>&nbsp;<\/p>\n","protected":false},"excerpt":{"rendered":"<p>Este reposit\u00f3rio faz parte da pesquisa de doutorado em Ci\u00eancia da Informa\u00e7\u00e3o, inserida no Programa de P\u00f3s Gradua\u00e7\u00e3o em Ci\u00eancia da Informa\u00e7\u00e3o (PPGCI) da Universidade Estadual Paulista (Unesp), intitulada &#8220;Modelagem da Informa\u00e7\u00e3o Legislativa: Arquitetura da Informa\u00e7\u00e3o para o processo legislativo brasileiro&#8221;, da discente\u00a0 Mariana Baptista Brandt, orientada pela professora Dra. Silvana Aparecida Borsetti Greg\u00f3rio Vidotti. [&hellip;]<\/p>\n","protected":false},"author":1,"featured_media":0,"parent":0,"menu_order":0,"comment_status":"closed","ping_status":"closed","template":"","meta":{"footnotes":""},"class_list":["post-111","page","type-page","status-publish","hentry"],"yoast_head":"<!-- This site is optimized with the Yoast SEO plugin v27.5 - https:\/\/yoast.com\/product\/yoast-seo-wordpress\/ -->\n<title>Arquitetura da informa\u00e7\u00e3o para o processo legislativo - Reposit\u00f3rio de metadados de informa\u00e7\u00e3o legislativa<\/title>\n<meta name=\"description\" content=\"Apresenta um dos resultados da pesquisa de doutorado em Ci\u00eancia da Informa\u00e7\u00e3o, de Mariana Brandt. Unesp, Mar\u00edlia, SP. Cont\u00e9m dados e metadados legislativos.\" \/>\n<meta name=\"robots\" content=\"index, follow, max-snippet:-1, max-image-preview:large, max-video-preview:-1\" \/>\n<link rel=\"canonical\" href=\"https:\/\/marianabrandt.com.br\/tese\/\" \/>\n<meta property=\"og:locale\" content=\"pt_BR\" \/>\n<meta property=\"og:type\" content=\"article\" \/>\n<meta property=\"og:title\" content=\"Arquitetura da informa\u00e7\u00e3o para o processo legislativo - Reposit\u00f3rio de metadados de informa\u00e7\u00e3o legislativa\" \/>\n<meta property=\"og:description\" content=\"Apresenta um dos resultados da pesquisa de doutorado em Ci\u00eancia da Informa\u00e7\u00e3o, de Mariana Brandt. Unesp, Mar\u00edlia, SP. Cont\u00e9m dados e metadados legislativos.\" \/>\n<meta property=\"og:url\" content=\"https:\/\/marianabrandt.com.br\/tese\/\" \/>\n<meta property=\"og:site_name\" content=\"Reposit\u00f3rio de metadados de informa\u00e7\u00e3o legislativa\" \/>\n<meta property=\"article:modified_time\" content=\"2020-03-04T16:09:34+00:00\" \/>\n<meta property=\"og:image\" content=\"https:\/\/marianabrandt.com.br\/tese\/wp-content\/uploads\/2019\/08\/logoppgci-300x163.png\" \/>\n<meta name=\"twitter:card\" content=\"summary_large_image\" \/>\n<script type=\"application\/ld+json\" class=\"yoast-schema-graph\">{\"@context\":\"https:\\\/\\\/schema.org\",\"@graph\":[{\"@type\":\"WebPage\",\"@id\":\"https:\\\/\\\/marianabrandt.com.br\\\/tese\\\/\",\"url\":\"https:\\\/\\\/marianabrandt.com.br\\\/tese\\\/\",\"name\":\"Arquitetura da informa\u00e7\u00e3o para o processo legislativo - Reposit\u00f3rio de metadados de informa\u00e7\u00e3o legislativa\",\"isPartOf\":{\"@id\":\"https:\\\/\\\/marianabrandt.com.br\\\/tese\\\/#website\"},\"primaryImageOfPage\":{\"@id\":\"https:\\\/\\\/marianabrandt.com.br\\\/tese\\\/#primaryimage\"},\"image\":{\"@id\":\"https:\\\/\\\/marianabrandt.com.br\\\/tese\\\/#primaryimage\"},\"thumbnailUrl\":\"https:\\\/\\\/marianabrandt.com.br\\\/tese\\\/wp-content\\\/uploads\\\/2019\\\/08\\\/logoppgci-300x163.png\",\"datePublished\":\"2019-04-16T02:19:27+00:00\",\"dateModified\":\"2020-03-04T16:09:34+00:00\",\"description\":\"Apresenta um dos resultados da pesquisa de doutorado em Ci\u00eancia da Informa\u00e7\u00e3o, de Mariana Brandt. Unesp, Mar\u00edlia, SP. Cont\u00e9m dados e metadados legislativos.\",\"breadcrumb\":{\"@id\":\"https:\\\/\\\/marianabrandt.com.br\\\/tese\\\/#breadcrumb\"},\"inLanguage\":\"pt-BR\",\"potentialAction\":[{\"@type\":\"ReadAction\",\"target\":[\"https:\\\/\\\/marianabrandt.com.br\\\/tese\\\/\"]}]},{\"@type\":\"ImageObject\",\"inLanguage\":\"pt-BR\",\"@id\":\"https:\\\/\\\/marianabrandt.com.br\\\/tese\\\/#primaryimage\",\"url\":\"https:\\\/\\\/marianabrandt.com.br\\\/tese\\\/wp-content\\\/uploads\\\/2019\\\/08\\\/logoppgci.png\",\"contentUrl\":\"https:\\\/\\\/marianabrandt.com.br\\\/tese\\\/wp-content\\\/uploads\\\/2019\\\/08\\\/logoppgci.png\",\"width\":497,\"height\":270},{\"@type\":\"BreadcrumbList\",\"@id\":\"https:\\\/\\\/marianabrandt.com.br\\\/tese\\\/#breadcrumb\",\"itemListElement\":[{\"@type\":\"ListItem\",\"position\":1,\"name\":\"In\u00edcio\",\"item\":\"https:\\\/\\\/marianabrandt.com.br\\\/tese\\\/\"},{\"@type\":\"ListItem\",\"position\":2,\"name\":\"Arquitetura da informa\u00e7\u00e3o para o processo legislativo\"}]},{\"@type\":\"WebSite\",\"@id\":\"https:\\\/\\\/marianabrandt.com.br\\\/tese\\\/#website\",\"url\":\"https:\\\/\\\/marianabrandt.com.br\\\/tese\\\/\",\"name\":\"Reposit\u00f3rio de metadados de informa\u00e7\u00e3o legislativa\",\"description\":\"Reposit\u00f3rio de metadados de pesquisa em Ci\u00eancia da Informa\u00e7\u00e3o\",\"potentialAction\":[{\"@type\":\"SearchAction\",\"target\":{\"@type\":\"EntryPoint\",\"urlTemplate\":\"https:\\\/\\\/marianabrandt.com.br\\\/tese\\\/?s={search_term_string}\"},\"query-input\":{\"@type\":\"PropertyValueSpecification\",\"valueRequired\":true,\"valueName\":\"search_term_string\"}}],\"inLanguage\":\"pt-BR\"}]}<\/script>\n<!-- \/ Yoast SEO plugin. -->","yoast_head_json":{"title":"Arquitetura da informa\u00e7\u00e3o para o processo legislativo - Reposit\u00f3rio de metadados de informa\u00e7\u00e3o legislativa","description":"Apresenta um dos resultados da pesquisa de doutorado em Ci\u00eancia da Informa\u00e7\u00e3o, de Mariana Brandt. Unesp, Mar\u00edlia, SP. Cont\u00e9m dados e metadados legislativos.","robots":{"index":"index","follow":"follow","max-snippet":"max-snippet:-1","max-image-preview":"max-image-preview:large","max-video-preview":"max-video-preview:-1"},"canonical":"https:\/\/marianabrandt.com.br\/tese\/","og_locale":"pt_BR","og_type":"article","og_title":"Arquitetura da informa\u00e7\u00e3o para o processo legislativo - Reposit\u00f3rio de metadados de informa\u00e7\u00e3o legislativa","og_description":"Apresenta um dos resultados da pesquisa de doutorado em Ci\u00eancia da Informa\u00e7\u00e3o, de Mariana Brandt. Unesp, Mar\u00edlia, SP. Cont\u00e9m dados e metadados legislativos.","og_url":"https:\/\/marianabrandt.com.br\/tese\/","og_site_name":"Reposit\u00f3rio de metadados de informa\u00e7\u00e3o legislativa","article_modified_time":"2020-03-04T16:09:34+00:00","og_image":[{"url":"https:\/\/marianabrandt.com.br\/tese\/wp-content\/uploads\/2019\/08\/logoppgci-300x163.png","type":"","width":"","height":""}],"twitter_card":"summary_large_image","schema":{"@context":"https:\/\/schema.org","@graph":[{"@type":"WebPage","@id":"https:\/\/marianabrandt.com.br\/tese\/","url":"https:\/\/marianabrandt.com.br\/tese\/","name":"Arquitetura da informa\u00e7\u00e3o para o processo legislativo - Reposit\u00f3rio de metadados de informa\u00e7\u00e3o legislativa","isPartOf":{"@id":"https:\/\/marianabrandt.com.br\/tese\/#website"},"primaryImageOfPage":{"@id":"https:\/\/marianabrandt.com.br\/tese\/#primaryimage"},"image":{"@id":"https:\/\/marianabrandt.com.br\/tese\/#primaryimage"},"thumbnailUrl":"https:\/\/marianabrandt.com.br\/tese\/wp-content\/uploads\/2019\/08\/logoppgci-300x163.png","datePublished":"2019-04-16T02:19:27+00:00","dateModified":"2020-03-04T16:09:34+00:00","description":"Apresenta um dos resultados da pesquisa de doutorado em Ci\u00eancia da Informa\u00e7\u00e3o, de Mariana Brandt. Unesp, Mar\u00edlia, SP. Cont\u00e9m dados e metadados legislativos.","breadcrumb":{"@id":"https:\/\/marianabrandt.com.br\/tese\/#breadcrumb"},"inLanguage":"pt-BR","potentialAction":[{"@type":"ReadAction","target":["https:\/\/marianabrandt.com.br\/tese\/"]}]},{"@type":"ImageObject","inLanguage":"pt-BR","@id":"https:\/\/marianabrandt.com.br\/tese\/#primaryimage","url":"https:\/\/marianabrandt.com.br\/tese\/wp-content\/uploads\/2019\/08\/logoppgci.png","contentUrl":"https:\/\/marianabrandt.com.br\/tese\/wp-content\/uploads\/2019\/08\/logoppgci.png","width":497,"height":270},{"@type":"BreadcrumbList","@id":"https:\/\/marianabrandt.com.br\/tese\/#breadcrumb","itemListElement":[{"@type":"ListItem","position":1,"name":"In\u00edcio","item":"https:\/\/marianabrandt.com.br\/tese\/"},{"@type":"ListItem","position":2,"name":"Arquitetura da informa\u00e7\u00e3o para o processo legislativo"}]},{"@type":"WebSite","@id":"https:\/\/marianabrandt.com.br\/tese\/#website","url":"https:\/\/marianabrandt.com.br\/tese\/","name":"Reposit\u00f3rio de metadados de informa\u00e7\u00e3o legislativa","description":"Reposit\u00f3rio de metadados de pesquisa em Ci\u00eancia da Informa\u00e7\u00e3o","potentialAction":[{"@type":"SearchAction","target":{"@type":"EntryPoint","urlTemplate":"https:\/\/marianabrandt.com.br\/tese\/?s={search_term_string}"},"query-input":{"@type":"PropertyValueSpecification","valueRequired":true,"valueName":"search_term_string"}}],"inLanguage":"pt-BR"}]}},"_links":{"self":[{"href":"https:\/\/marianabrandt.com.br\/tese\/wp-json\/wp\/v2\/pages\/111","targetHints":{"allow":["GET"]}}],"collection":[{"href":"https:\/\/marianabrandt.com.br\/tese\/wp-json\/wp\/v2\/pages"}],"about":[{"href":"https:\/\/marianabrandt.com.br\/tese\/wp-json\/wp\/v2\/types\/page"}],"author":[{"embeddable":true,"href":"https:\/\/marianabrandt.com.br\/tese\/wp-json\/wp\/v2\/users\/1"}],"replies":[{"embeddable":true,"href":"https:\/\/marianabrandt.com.br\/tese\/wp-json\/wp\/v2\/comments?post=111"}],"version-history":[{"count":20,"href":"https:\/\/marianabrandt.com.br\/tese\/wp-json\/wp\/v2\/pages\/111\/revisions"}],"predecessor-version":[{"id":8001,"href":"https:\/\/marianabrandt.com.br\/tese\/wp-json\/wp\/v2\/pages\/111\/revisions\/8001"}],"wp:attachment":[{"href":"https:\/\/marianabrandt.com.br\/tese\/wp-json\/wp\/v2\/media?parent=111"}],"curies":[{"name":"wp","href":"https:\/\/api.w.org\/{rel}","templated":true}]}}